{"id":216065,"date":"2022-10-13T13:17:33","date_gmt":"2022-10-13T11:17:33","guid":{"rendered":"https:\/\/www.testjetzt.de\/?page_id=216065"},"modified":"2023-10-13T18:16:03","modified_gmt":"2023-10-13T16:16:03","slug":"realizar-la-prueba-ahora-por-que-2","status":"publish","type":"page","link":"https:\/\/www.testjetzt.de\/es\/","title":{"rendered":"\u00a1Realizar la prueba ahora! \u00bfPor qu\u00e9?"},"content":{"rendered":"\t\t<div data-elementor-type=\"wp-post\" data-elementor-id=\"216065\" class=\"elementor elementor-216065 elementor-214719\" data-elementor-post-type=\"page\">\n\t\t\t\t\t\t<section class=\"elementor-section elementor-top-section elementor-element elementor-element-355be5e elementor-section-stretched elementor-section-boxed elementor-section-height-default elementor-section-height-default\" data-id=\"355be5e\" data-element_type=\"section\" data-e-type=\"section\" data-settings=\"{&quot;stretch_section&quot;:&quot;section-stretched&quot;,&quot;background_background&quot;:&quot;classic&quot;}\">\n\t\t\t\t\t\t<div class=\"elementor-container elementor-column-gap-default\">\n\t\t\t\t\t<div class=\"elementor-column elementor-col-100 elementor-top-column elementor-element elementor-element-274d34f\" data-id=\"274d34f\" data-element_type=\"column\" data-e-type=\"column\">\n\t\t\t<div class=\"elementor-widget-wrap elementor-element-populated\">\n\t\t\t\t\t\t<div class=\"elementor-element elementor-element-1d6611f elementor-widget elementor-widget-heading\" data-id=\"1d6611f\" data-element_type=\"widget\" data-e-type=\"widget\" data-widget_type=\"heading.default\">\n\t\t\t\t<div class=\"elementor-widget-container\">\n\t\t\t\t\t<h1 class=\"elementor-heading-title elementor-size-default\">\u00a1Realizar la prueba ahora! \u00bfPor qu\u00e9?<\/h1>\t\t\t\t<\/div>\n\t\t\t\t<\/div>\n\t\t\t\t<div class=\"elementor-element elementor-element-507b731 elementor-invisible elementor-widget elementor-widget-text-editor\" data-id=\"507b731\" data-element_type=\"widget\" data-e-type=\"widget\" data-settings=\"{&quot;_animation&quot;:&quot;fadeInUp&quot;}\" data-widget_type=\"text-editor.default\">\n\t\t\t\t<div class=\"elementor-widget-container\">\n\t\t\t\t\t\t\t\t\t<h2>Informaci\u00f3n acerca de la prueba del VIH<\/h2><h3>\u00a1El saber da seguridad!<\/h3><p><strong>Muchos hombres y mujeres se han visto en una situaci\u00f3n de riesgo de infecci\u00f3n por el VIH. La sensaci\u00f3n de inseguridad posterior a esta situaci\u00f3n puede ser una gran carga emocional. \u00bfMe he infectado y podr\u00e9 enfermar como consecuencia de la inmunodeficiencia propia del SIDA? \u00bfO bien me estoy preocupando sin motivo? Solamente la prueba del VIH da una respuesta segura.<\/strong><\/p><p style=\"text-align: left;\">El resultado de la prueba aporta seguridad: la seguridad de saber que deberemos protegernos mejor para evitar una situaci\u00f3n similar en el futuro. O la seguridad de saber que nos hemos infectado con el VIH, y que tenemos ahora una nueva responsabilidad hacia nosotros mismos y hacia nuestra pareja. Afortunadamente, las opciones de tratamiento son hoy mejores que nunca: existe una buena probabilidad de llegar a la vejez a pesar del VIH, si la infecci\u00f3n se diagnostica y se trata a tiempo.<br \/>\u00a0<\/p><h3 style=\"text-align: left;\">\u00bfD\u00f3nde puedo realizar una prueba del VIH?<\/h3><p>En cualquier delegaci\u00f3n sanitaria (Gesundheitsamt) de Baviera, es posible realizar una prueba del VIH de forma an\u00f3nima y gratuita. Ni el m\u00e9dico que lleva a cabo la extracci\u00f3n de sangre, ni el laboratorio donde se realiza el an\u00e1lisis, conocer\u00e1n el nombre del paciente. El resultado de la prueba nunca se comunica a terceras partes.<br \/>\u00a0<br \/>Tambi\u00e9n algunos puntos de orientaci\u00f3n sobre el SIDA (AIDS-Beratungsstellen) y centros de ayuda para personas afectadas por el SIDA (AIDS-Hilfen) en Baviera ofrecen pruebas del VIH de forma an\u00f3nima. Sin embargo, para ello debe abonarse una aportaci\u00f3n personal de aproximadamente 25 euros.<br \/>\u00a0<br \/>Cualquier m\u00e9dica o m\u00e9dico, tambi\u00e9n m\u00e9dica o m\u00e9dico de cabecera, puede realizar la prueba del VIH en su consulta, si bien no de forma an\u00f3nima.<br \/>\u00a0<\/p><h3 style=\"text-align: left;\">\u00bfC\u00f3mo se realiza la prueba del VIH?<\/h3><p>Para poder descartar con seguridad una infecci\u00f3n por VIH tras un contacto de riesgo, debe transcurrir un tiempo determinado (al menos seis semanas, dependiendo del procedimiento de an\u00e1lisis). Las pruebas de laboratorio modernas, como las que se realizan en las delegaciones sanitarias (Gesundheits\u00e4mter), permiten descartar una infecci\u00f3n transcurridas seis semanas desde el \u00faltimo contacto de riesgo. (En las pruebas r\u00e1pidas que suelen usarse en los puntos de orientaci\u00f3n y centros de ayuda para personas afectadas por el SIDA, deben transcurrir incluso 12 semanas para que sea posible descartar una infecci\u00f3n.) Todo esto implica, naturalmente, que no haya existido un nuevo riesgo de contagio tras haberse tomado la muestra.<br \/>\u00a0<br \/>Al realizar la prueba del VIH, se toma una peque\u00f1a muestra de sangre, que se env\u00eda al laboratorio para detectar la presencia del VIH. El resultado estar\u00e1 disponible al cabo de una semana, aproximadamente. Si el resultado de la prueba es \u201cpositivo\u201d, se ha producido una infecci\u00f3n por el virus. Para mayor seguridad, este resultado deber\u00e1 confirmarse siempre mediante el an\u00e1lisis de una segunda muestra de sangre. Si el resultado es \u201cnegativo\u201d, no hay indicio de infecci\u00f3n. (Para las pruebas r\u00e1pidas solamente se requieren unas gotas de sangre, que se analizan en el acto.)<\/p><p>\u00a0<\/p><h3 style=\"text-align: left;\">Orientaci\u00f3n y ayuda<\/h3><p style=\"text-align: left;\">Independientemente del resultado de la prueba, las delegaciones sanitarias, puntos de orientaci\u00f3n y centros de ayuda (Gesundheits\u00e4mter, Beratungsstellen y AIDS-Hilfen), ofrecen siempre un servicio confidencial de orientaci\u00f3n. Las personas expertas que trabajan all\u00ed le informar\u00e1n sobre los riesgos de infecci\u00f3n y las posibilidades de prevenci\u00f3n, brindando consejos y apoyo cuando el resultado sea positivo y preocup\u00e1ndose de conseguir ayuda adicional, tambi\u00e9n para personas que no hablan el alem\u00e1n. Encontrar\u00e1 un directorio de contactos para Baviera en: <a href=\"https:\/\/www.testjetzt.de\/beratungsstellen-anzeigen\/\">www.testjetzt.de<\/a>.<\/p>\t\t\t\t\t\t\t\t<\/div>\n\t\t\t\t<\/div>\n\t\t\t\t\t<\/div>\n\t\t<\/div>\n\t\t\t\t\t<\/div>\n\t\t<\/section>\n\t\t\t\t<\/div>\n\t\t","protected":false},"excerpt":{"rendered":"<p>\u00a1Realizar la prueba ahora! \u00bfPor qu\u00e9? Informaci\u00f3n acerca de la prueba del VIH \u00a1El saber da seguridad! Muchos hombres y mujeres se han visto en una situaci\u00f3n de riesgo de infecci\u00f3n por el VIH. La sensaci\u00f3n de inseguridad posterior a esta situaci\u00f3n puede ser una gran carga emocional. \u00bfMe he infectado y podr\u00e9 enfermar como [&hellip;]<\/p>\n","protected":false},"author":1,"featured_media":0,"parent":0,"menu_order":0,"comment_status":"closed","ping_status":"closed","template":"elementor_header_footer","meta":{"footnotes":""},"class_list":["post-216065","page","type-page","status-publish","hentry"],"_links":{"self":[{"href":"https:\/\/www.testjetzt.de\/es\/wp-json\/wp\/v2\/pages\/216065","targetHints":{"allow":["GET"]}}],"collection":[{"href":"https:\/\/www.testjetzt.de\/es\/wp-json\/wp\/v2\/pages"}],"about":[{"href":"https:\/\/www.testjetzt.de\/es\/wp-json\/wp\/v2\/types\/page"}],"author":[{"embeddable":true,"href":"https:\/\/www.testjetzt.de\/es\/wp-json\/wp\/v2\/users\/1"}],"replies":[{"embeddable":true,"href":"https:\/\/www.testjetzt.de\/es\/wp-json\/wp\/v2\/comments?post=216065"}],"version-history":[{"count":0,"href":"https:\/\/www.testjetzt.de\/es\/wp-json\/wp\/v2\/pages\/216065\/revisions"}],"wp:attachment":[{"href":"https:\/\/www.testjetzt.de\/es\/wp-json\/wp\/v2\/media?parent=216065"}],"curies":[{"name":"wp","href":"https:\/\/api.w.org\/{rel}","templated":true}]}}