{"id":216070,"date":"2022-10-13T13:20:47","date_gmt":"2022-10-13T11:20:47","guid":{"rendered":"https:\/\/www.testjetzt.de\/?page_id=216070"},"modified":"2024-03-04T11:28:02","modified_gmt":"2024-03-04T09:28:02","slug":"testirajte-se-odmah-zasto-2","status":"publish","type":"page","link":"https:\/\/www.testjetzt.de\/sr\/","title":{"rendered":"Testirajte se odmah! Za\u0161to?"},"content":{"rendered":"\t\t<div data-elementor-type=\"wp-post\" data-elementor-id=\"216070\" class=\"elementor elementor-216070 elementor-214719\" data-elementor-post-type=\"page\">\n\t\t\t\t\t\t<section class=\"elementor-section elementor-top-section elementor-element elementor-element-355be5e elementor-section-stretched elementor-section-boxed elementor-section-height-default elementor-section-height-default\" data-id=\"355be5e\" data-element_type=\"section\" data-e-type=\"section\" data-settings=\"{&quot;stretch_section&quot;:&quot;section-stretched&quot;,&quot;background_background&quot;:&quot;classic&quot;}\">\n\t\t\t\t\t\t<div class=\"elementor-container elementor-column-gap-default\">\n\t\t\t\t\t<div class=\"elementor-column elementor-col-100 elementor-top-column elementor-element elementor-element-274d34f\" data-id=\"274d34f\" data-element_type=\"column\" data-e-type=\"column\">\n\t\t\t<div class=\"elementor-widget-wrap elementor-element-populated\">\n\t\t\t\t\t\t<div class=\"elementor-element elementor-element-1d6611f elementor-widget elementor-widget-heading\" data-id=\"1d6611f\" data-element_type=\"widget\" data-e-type=\"widget\" data-widget_type=\"heading.default\">\n\t\t\t\t<div class=\"elementor-widget-container\">\n\t\t\t\t\t<h1 class=\"elementor-heading-title elementor-size-default\">Testirajte se odmah! Za\u0161to?<\/h1>\t\t\t\t<\/div>\n\t\t\t\t<\/div>\n\t\t\t\t<div class=\"elementor-element elementor-element-507b731 elementor-invisible elementor-widget elementor-widget-text-editor\" data-id=\"507b731\" data-element_type=\"widget\" data-e-type=\"widget\" data-settings=\"{&quot;_animation&quot;:&quot;fadeInUp&quot;}\" data-widget_type=\"text-editor.default\">\n\t\t\t\t<div class=\"elementor-widget-container\">\n\t\t\t\t\t\t\t\t\t<h2>Informacije o HIV testu<\/h2>\n<h3>Znanje daje sigurnost!<\/h3>\n<div>&nbsp;<\/div>\n<p>Veliki broj mu\u0161karaca i \u017eena su barem jednom bili u situaciji u kojoj je postojao rizik od HIV (sida) infekcije. Nesigurnost koja dolazi posle toga predstavlja veliko optere\u0107enje. Da li sam se zarazio\/la i da li sam oboleo\/obolela od imunodeficijencije AIDS (side)? Ili brinem bez potrebe? Jedini na\u010din da do\u0111ete do sigurnog odgovora je HIV test.<br>Rezultat testa zna\u010di: sigurnost da znate da se trebate bolje za\u0161tititi, da se takva situacija ne bi ponovila. Ili, sigurnost saznanja da ste zara\u017eeni HIV-om (sidom) i da snosite novu odgovornost za sebe, svog partnera, svoju partnerku. Sre\u0107om, mogu\u0107nosti le\u010denja su danas bolje nego ikad pre: \u0161anse da se ostari sa HIV-om (sidom) su velike \u2013 ako se infekcija prepozna i le\u010di na vreme.<\/p>\n<p>&nbsp;<\/p>\n<h3>Gde mogu da uradim HIV test?<\/h3>\n<p style=\"text-align: left;\">HIV test mo\u017eete uraditi besplatno i anonimno u svakoj zdravstvenoj slu\u017ebi (Gesundheitsamt) u Bavarskoj. Ni lekar koji uzima krv za analizu ni laboratorija koja ispituje krv, ne moraju saznati ime ispitane osobe. Informacije o rezultatima testa osta\u0107e tajna.<br>Anonimne HIV testove mo\u017eete uraditi i u AIDS savetovali\u0161tima i centrima za pomo\u0107 obolelima od AIDS-a (od side) u Bavarskoj, ali morate platiti cenu od oko 25 eura.<br>HIV test je tako\u0111e mogu\u0107e uraditi kod porodi\u010dnog lekara i ostalih lekara, ali ne anonimno.<\/p>\n<p style=\"text-align: left;\">&nbsp;<\/p>\n<h3 style=\"text-align: left;\">Kako se radi HIV test?<\/h3>\n<p>Mora pro\u0107i odre\u0111eno vreme (zavisno od procedure testiranja; najmanje \u0161est nedelja) pre nego \u0161to se infekcija HIV-om nakon rizi\u010dnog kontakta mo\u017ee pouzdano isklju\u010diti. Moderni laboratorijski testovi, poput onih koji se koriste u zdravstvenoj slu\u017ebi (Gesundheitsamt), mogu isklju\u010diti infekciju samo \u0161est nedjelja nakon posljednjeg rizi\u010dnog kontakta. (U slu\u010daju brzih testova, kao \u0161to su oni koji se \u010desto koriste u savetodavnim centrima za AIDS i dobrotvornim organizacijama za borbu protiv AIDS-a, mora pro\u0107i 12 nedjelja pre nego \u0161to se infekcija mo\u017ee isklju\u010diti.) Pod pretpostavkom, naravno, da ne postoji daljni rizik od infekcije u me\u0111uvremenu.<br>Za HIV test se uzima mala koli\u010dina krvi, koja se \u0161alje u laboratoriju i ispituje na HIV. Rezulatat se dobije za oko nedelju dana. Ako je rezultat testa \u201epozitivan\u201c postoji infekcija virusom. Zbog sigurnosti nalaza, rezultat testa mora biti potvr\u0111en pregledom jo\u0161 jednog uzorka krvi. Ako je test \u201enegativan\u201c, ne postoje indikacije za infekciju. (Kod brzog testa dovoljno je nekoliko kapi krvi, i testiranje se obavlja na licu mesta).<\/p>\n<p>&nbsp;<\/p>\n<h3 style=\"text-align: left;\">Savetovanje i pomo\u0107<\/h3>\n<p style=\"text-align: left;\">Nezavisno od rezultata HIV testa: u zdravstvenim slu\u017ebama (Gesundheits\u00e4mtern), savetovali\u0161tima i centrima za pomo\u0107 obolelima od AIDS-a uvek mo\u017eete dobiti savete od poverenja. Tamo \u0107ete od eksperata dobiti informacije o riziku od infekcije i na\u010dinima za\u0161tite. Oni \u0107e Vam pru\u017eiti savet i podr\u0161ku, ako je test pozitivan i nastojati da pomognu i osobama koje ne govore nema\u010dki. Bavarski centar za prevenciju i unapre\u0111enje zdravlja (Bayerisches Zentrum f\u00fcr Pr\u00e4vention und Gesundheitsf\u00f6rderung) sastavio je spisak kontakt adresa u Bavarskoj i mo\u017eete ih na\u0107i na&nbsp;<a href=\"https:\/\/www.testjetzt.de\/beratungsstellen-anzeigen\/\">www.testjetzt.de<\/a>.<\/p>\t\t\t\t\t\t\t\t<\/div>\n\t\t\t\t<\/div>\n\t\t\t\t\t<\/div>\n\t\t<\/div>\n\t\t\t\t\t<\/div>\n\t\t<\/section>\n\t\t\t\t<\/div>\n\t\t","protected":false},"excerpt":{"rendered":"<p>Testirajte se odmah! Za\u0161to? Informacije o HIV testu Znanje daje sigurnost! &nbsp; Veliki broj mu\u0161karaca i \u017eena su barem jednom bili u situaciji u kojoj je postojao rizik od HIV (sida) infekcije. Nesigurnost koja dolazi posle toga predstavlja veliko optere\u0107enje. Da li sam se zarazio\/la i da li sam oboleo\/obolela od imunodeficijencije AIDS (side)? Ili [&hellip;]<\/p>\n","protected":false},"author":1,"featured_media":0,"parent":0,"menu_order":0,"comment_status":"closed","ping_status":"closed","template":"elementor_header_footer","meta":{"footnotes":""},"class_list":["post-216070","page","type-page","status-publish","hentry"],"_links":{"self":[{"href":"https:\/\/www.testjetzt.de\/sr\/wp-json\/wp\/v2\/pages\/216070","targetHints":{"allow":["GET"]}}],"collection":[{"href":"https:\/\/www.testjetzt.de\/sr\/wp-json\/wp\/v2\/pages"}],"about":[{"href":"https:\/\/www.testjetzt.de\/sr\/wp-json\/wp\/v2\/types\/page"}],"author":[{"embeddable":true,"href":"https:\/\/www.testjetzt.de\/sr\/wp-json\/wp\/v2\/users\/1"}],"replies":[{"embeddable":true,"href":"https:\/\/www.testjetzt.de\/sr\/wp-json\/wp\/v2\/comments?post=216070"}],"version-history":[{"count":0,"href":"https:\/\/www.testjetzt.de\/sr\/wp-json\/wp\/v2\/pages\/216070\/revisions"}],"wp:attachment":[{"href":"https:\/\/www.testjetzt.de\/sr\/wp-json\/wp\/v2\/media?parent=216070"}],"curies":[{"name":"wp","href":"https:\/\/api.w.org\/{rel}","templated":true}]}}