{"id":215992,"date":"2022-10-13T13:01:49","date_gmt":"2022-10-13T11:01:49","guid":{"rendered":"https:\/\/www.testjetzt.de\/?page_id=215992"},"modified":"2024-02-22T19:29:21","modified_gmt":"2024-02-22T17:29:21","slug":"testi-simdi-yaptirin-neden-mi-2","status":"publish","type":"page","link":"https:\/\/www.testjetzt.de\/tr\/","title":{"rendered":"Testi \u015fimdi yapt\u0131r\u0131n! Neden mi?"},"content":{"rendered":"\t\t<div data-elementor-type=\"wp-post\" data-elementor-id=\"215992\" class=\"elementor elementor-215992 elementor-214719\" data-elementor-post-type=\"page\">\n\t\t\t\t\t\t<section class=\"elementor-section elementor-top-section elementor-element elementor-element-355be5e elementor-section-stretched elementor-section-boxed elementor-section-height-default elementor-section-height-default\" data-id=\"355be5e\" data-element_type=\"section\" data-e-type=\"section\" data-settings=\"{&quot;stretch_section&quot;:&quot;section-stretched&quot;,&quot;background_background&quot;:&quot;classic&quot;}\">\n\t\t\t\t\t\t<div class=\"elementor-container elementor-column-gap-default\">\n\t\t\t\t\t<div class=\"elementor-column elementor-col-100 elementor-top-column elementor-element elementor-element-274d34f\" data-id=\"274d34f\" data-element_type=\"column\" data-e-type=\"column\">\n\t\t\t<div class=\"elementor-widget-wrap elementor-element-populated\">\n\t\t\t\t\t\t<div class=\"elementor-element elementor-element-1d6611f elementor-widget elementor-widget-heading\" data-id=\"1d6611f\" data-element_type=\"widget\" data-e-type=\"widget\" data-widget_type=\"heading.default\">\n\t\t\t\t<div class=\"elementor-widget-container\">\n\t\t\t\t\t<h1 class=\"elementor-heading-title elementor-size-default\">Testi \u015fimdi yapt\u0131r\u0131n! Neden mi?<\/h1>\t\t\t\t<\/div>\n\t\t\t\t<\/div>\n\t\t\t\t<div class=\"elementor-element elementor-element-507b731 elementor-invisible elementor-widget elementor-widget-text-editor\" data-id=\"507b731\" data-element_type=\"widget\" data-e-type=\"widget\" data-settings=\"{&quot;_animation&quot;:&quot;fadeInUp&quot;}\" data-widget_type=\"text-editor.default\">\n\t\t\t\t<div class=\"elementor-widget-container\">\n\t\t\t\t\t\t\t\t\t<h2>HIV testine ili\u015fkin bilgiler<\/h2>\n<h3>Bilgi g\u00fcven verir!<\/h3>\n<p><strong>Bir\u00e7ok insan, HIV enfeksiyonuna yakalanma riskinin bulundu\u011fu bir durumla kar\u015f\u0131 kar\u015f\u0131ya kalm\u0131\u015ft\u0131r. Bunu izleyen d\u00f6nemdeki belirsizlik insanlar\u0131n b\u00fcy\u00fck s\u0131k\u0131nt\u0131lar ya\u015famas\u0131na sebep olmaktad\u0131r. Enfeksiyon kapt\u0131m m\u0131, ba\u011f\u0131\u015f\u0131kl\u0131k yetmezli\u011fi sebebiyle AIDS\u2019e yakalanacak m\u0131y\u0131m? Ya da t\u00fcm bunlar yersiz endi\u015feler mi? Bu sorulara kesin bir cevap bulman\u0131n tek yolu HIV testi yapt\u0131rmaktan ge\u00e7er.<\/strong><\/p>\n<p><strong>&nbsp;<\/strong><\/p>\n<p style=\"text-align: left;\">Test sonucu emin olmak anlam\u0131na gelir: B\u00f6yle bir durumu yeniden ya\u015famamak i\u00e7in daha iyi korunmak gerekti\u011finden emin olmakt\u0131r. Ya da HIV enfeksiyonuna yakaland\u0131\u011f\u0131ndan ve art\u0131k hem kendinize hem de partnerinize y\u00f6nelik yeni bir sorumluluk ta\u015f\u0131d\u0131\u011f\u0131n\u0131zdan emin olmakt\u0131r. Neyse ki g\u00fcn\u00fcm\u00fczde sahip oldu\u011fumuz tedavi imk\u00e2nlar\u0131 hi\u00e7 olmad\u0131\u011f\u0131 kadar geli\u015fmi\u015ftir: HIV ile birlikte ya\u015flanma \u015fans\u0131, enfeksiyonun zaman\u0131nda te\u015fhis ve tedavi edilmesi halinde olduk\u00e7a y\u00fcksektir.&nbsp;&nbsp;&nbsp;<\/p>\n<h3 style=\"text-align: left;\">HIV testini nerelerde yapt\u0131rabilirim?<\/h3>\n<p>HIV testi Bavyera eyaletindeki her sa\u011fl\u0131k m\u00fcd\u00fcrl\u00fc\u011f\u00fcnde (Gesundheitsamt) \u00fccretsiz ve anonim olarak yapt\u0131r\u0131labilir. Ne tahlil i\u00e7in kan \u00f6rne\u011fini alan doktor, ne de kan\u0131 tahlil eden laboratuvar numune sahibi ki\u015finin ad\u0131n\u0131 \u00f6\u011frenir. Test sonucuna ili\u015fkin bilgilerin d\u0131\u015far\u0131ya s\u0131zmas\u0131 m\u00fcmk\u00fcn de\u011fildir.<br>Ayr\u0131ca Bavyera eyaletinde faaliyet g\u00f6steren baz\u0131 AIDS dan\u0131\u015fma merkezleri (AIDS-Beratungsstellen) ile AIDS yard\u0131m merkezlerinde de (AIDS-Hilfen) anonim HIV testi yapt\u0131r\u0131labilmekle birlikte, bu testler i\u00e7in takriben 25 \u20ac tutar\u0131nda katk\u0131 pay\u0131 \u00f6denmektedir.<br>HIV testi her zaman aile hekiminde ve ba\u015fka doktor muayenehanelerinde yapt\u0131r\u0131labilmekle birlikte, bu testler anonim de\u011fildir.<\/p>\n<p><\/p>\n<h3 style=\"text-align: left;\">HIV testi nas\u0131l yap\u0131l\u0131r?<\/h3>\n<p style=\"text-align: left;\">Riskli bir temastan sonra HIV enfeksiyonunun olmad\u0131\u011f\u0131n\u0131 g\u00fcvenilir bir \u015fekilde s\u00f6yleyebilmek i\u00e7in belirli bir s\u00fcrenin (test y\u00f6ntemine ba\u011fl\u0131 olarak, en az alt\u0131 hafta) ge\u00e7mesi gerekir. Sa\u011fl\u0131k m\u00fcd\u00fcrl\u00fcklerinde kullan\u0131lanlar gibi modern laboratuvar testleri, son riskli temastan sadece alt\u0131 hafta sonra enfeksiyonun olmad\u0131\u011f\u0131n\u0131 tespit edebilir. (AIDS dan\u0131\u015fma merkezlerinde ve AIDS yard\u0131m kurulu\u015flar\u0131nda s\u0131kl\u0131kla kullan\u0131lan h\u0131zl\u0131 testlerde, bir enfeksiyonun olmad\u0131\u011f\u0131n\u0131n tespit edilmesi i\u00e7in 12 hafta ge\u00e7mesi gerekir.) Bu tabii ki b\u00f6lgede bu s\u00fcre i\u00e7inde daha fazla enfeksiyon riskinin olmad\u0131\u011f\u0131n\u0131 varsaymam\u0131z durumunda ge\u00e7erlidir.<br>Laboratuvar testi i\u00e7in az miktarda kan al\u0131n\u0131r, bu numune laboratuvara g\u00f6nderilerek HIV ara\u015ft\u0131r\u0131l\u0131r. Sonu\u00e7 bir hafta sonra gelir. E\u011fer test sonucu &#8220;pozitif&#8221; ise vir\u00fcs enfeksiyonu bula\u015fm\u0131\u015ft\u0131r. Emin olmak i\u00e7in bu testin her zaman ikinci bir kan testi ile do\u011frulanmas\u0131 gerekir. E\u011fer test &#8220;negatif&#8221; ise enfeksiyona dair bir kan\u0131t bulunmam\u0131\u015ft\u0131r. (H\u0131zl\u0131 testler kan damlalar\u0131 ile do\u011frudan kan\u0131n al\u0131nd\u0131\u011f\u0131 yerde yap\u0131l\u0131r.&nbsp;<\/p>\n<p><\/p>\n<h3 style=\"text-align: left;\">Dan\u0131\u015fmanl\u0131k ve yard\u0131m<\/h3>\n<p style=\"text-align: left;\">HIV testinin nas\u0131l sonu\u00e7land\u0131\u011f\u0131ndan ba\u011f\u0131ms\u0131z olarak: Sa\u011fl\u0131k m\u00fcd\u00fcrl\u00fcklerinde, dan\u0131\u015fma merkezlerinde ve AIDS yard\u0131m merkezlerinde konuya ili\u015fkin olarak her zaman g\u00fcvenli bir dan\u0131\u015fmanl\u0131k hizmeti sunulmaktad\u0131r. Buralarda g\u00f6revli uzmanlar ilgili ki\u015fileri enfeksiyon riskleri ve korunma imkanlar\u0131 hakk\u0131nda bilgilendirirler. Test sonucunun pozitif \u00e7\u0131km\u0131\u015f olmas\u0131 halinde ki\u015filere yol g\u00f6sterip destek olurlar ve Almanca bilmeyen ki\u015filere yard\u0131mc\u0131 olmaya \u00e7al\u0131\u015f\u0131rlar. Bavyera&#8217;daki ileti\u015fim adreslerini i\u00e7eren bir listeyi burada bulabilirsiniz: <a href=\"https:\/\/www.testjetzt.de\/beratungsstellen-anzeigen\/\">www.testjetzt.de<\/a>&nbsp;<\/p>\t\t\t\t\t\t\t\t<\/div>\n\t\t\t\t<\/div>\n\t\t\t\t\t<\/div>\n\t\t<\/div>\n\t\t\t\t\t<\/div>\n\t\t<\/section>\n\t\t\t\t<\/div>\n\t\t","protected":false},"excerpt":{"rendered":"<p>Testi \u015fimdi yapt\u0131r\u0131n! Neden mi? HIV testine ili\u015fkin bilgiler Bilgi g\u00fcven verir! Bir\u00e7ok insan, HIV enfeksiyonuna yakalanma riskinin bulundu\u011fu bir durumla kar\u015f\u0131 kar\u015f\u0131ya kalm\u0131\u015ft\u0131r. Bunu izleyen d\u00f6nemdeki belirsizlik insanlar\u0131n b\u00fcy\u00fck s\u0131k\u0131nt\u0131lar ya\u015famas\u0131na sebep olmaktad\u0131r. Enfeksiyon kapt\u0131m m\u0131, ba\u011f\u0131\u015f\u0131kl\u0131k yetmezli\u011fi sebebiyle AIDS\u2019e yakalanacak m\u0131y\u0131m? Ya da t\u00fcm bunlar yersiz endi\u015feler mi? Bu sorulara kesin bir cevap [&hellip;]<\/p>\n","protected":false},"author":1,"featured_media":0,"parent":0,"menu_order":0,"comment_status":"closed","ping_status":"closed","template":"elementor_header_footer","meta":{"footnotes":""},"class_list":["post-215992","page","type-page","status-publish","hentry"],"_links":{"self":[{"href":"https:\/\/www.testjetzt.de\/tr\/wp-json\/wp\/v2\/pages\/215992","targetHints":{"allow":["GET"]}}],"collection":[{"href":"https:\/\/www.testjetzt.de\/tr\/wp-json\/wp\/v2\/pages"}],"about":[{"href":"https:\/\/www.testjetzt.de\/tr\/wp-json\/wp\/v2\/types\/page"}],"author":[{"embeddable":true,"href":"https:\/\/www.testjetzt.de\/tr\/wp-json\/wp\/v2\/users\/1"}],"replies":[{"embeddable":true,"href":"https:\/\/www.testjetzt.de\/tr\/wp-json\/wp\/v2\/comments?post=215992"}],"version-history":[{"count":0,"href":"https:\/\/www.testjetzt.de\/tr\/wp-json\/wp\/v2\/pages\/215992\/revisions"}],"wp:attachment":[{"href":"https:\/\/www.testjetzt.de\/tr\/wp-json\/wp\/v2\/media?parent=215992"}],"curies":[{"name":"wp","href":"https:\/\/api.w.org\/{rel}","templated":true}]}}